{"id":2960,"date":"2026-03-27T09:32:05","date_gmt":"2026-03-27T09:32:05","guid":{"rendered":"https:\/\/lavantarium-creation.com\/?post_type=product&#038;p=2960"},"modified":"2026-03-27T09:35:37","modified_gmt":"2026-03-27T09:35:37","slug":"parure-florale-4","status":"publish","type":"product","link":"https:\/\/lavantarium-creation.com\/?product=parure-florale-4","title":{"rendered":"Broche \u00ab\u00a0Ronsard\u00a0\u00bb"},"content":{"rendered":"<p>Voile de soie et velours de soie pour cette superbe broche. Chapeau, corsage, veste, elle saura habiller toutes vos tenues.<\/p>\n<p>Environ 5h 40 de travail ont \u00e9t\u00e9 n\u00e9cessaires pour r\u00e9aliser cette cration.<\/p>\n","protected":false},"excerpt":{"rendered":"<p>Voile, velours et fil\u00a0 de soie.<\/p>\n","protected":false},"featured_media":2963,"comment_status":"open","ping_status":"closed","template":"","meta":{"_surecart_dashboard_logo_width":"180px","_surecart_dashboard_show_logo":true,"_surecart_dashboard_navigation_orders":true,"_surecart_dashboard_navigation_invoices":true,"_surecart_dashboard_navigation_subscriptions":true,"_surecart_dashboard_navigation_downloads":true,"_surecart_dashboard_navigation_billing":true,"_surecart_dashboard_navigation_account":true,"_uag_custom_page_level_css":"","_monsterinsights_skip_tracking":false,"_monsterinsights_sitenote_active":false,"_monsterinsights_sitenote_note":"","_monsterinsights_sitenote_category":0,"site-sidebar-layout":"default","site-content-layout":"","ast-site-content-layout":"default","site-content-style":"default","site-sidebar-style":"default","ast-global-header-display":"","ast-banner-title-visibility":"","ast-main-header-display":"","ast-hfb-above-header-display":"","ast-hfb-below-header-display":"","ast-hfb-mobile-header-display":"","site-post-title":"","ast-breadcrumbs-content":"","ast-featured-img":"","footer-sml-layout":"","theme-transparent-header-meta":"default","adv-header-id-meta":"","stick-header-meta":"","header-above-stick-meta":"","header-main-stick-meta":"","header-below-stick-meta":"","astra-migrate-meta-layouts":"set","ast-page-background-enabled":"default","ast-page-background-meta":{"desktop":{"background-color":"var(--ast-global-color-4)","background-image":"","background-repeat":"repeat","background-position":"center center","background-size":"auto","background-attachment":"scroll","background-type":"","background-media":"","overlay-type":"","overlay-color":"","overlay-opacity":"","overlay-gradient":""},"tablet":{"background-color":"","background-image":"","background-repeat":"repeat","background-position":"center center","background-size":"auto","background-attachment":"scroll","background-type":"","background-media":"","overlay-type":"","overlay-color":"","overlay-opacity":"","overlay-gradient":""},"mobile":{"background-color":"","background-image":"","background-repeat":"repeat","background-position":"center center","background-size":"auto","background-attachment":"scroll","background-type":"","background-media":"","overlay-type":"","overlay-color":"","overlay-opacity":"","overlay-gradient":""}},"ast-content-background-meta":{"desktop":{"background-color":"var(--ast-global-color-5)","background-image":"","background-repeat":"repeat","background-position":"center center","background-size":"auto","background-attachment":"scroll","background-type":"","background-media":"","overlay-type":"","overlay-color":"","overlay-opacity":"","overlay-gradient":""},"tablet":{"background-color":"var(--ast-global-color-5)","background-image":"","background-repeat":"repeat","background-position":"center center","background-size":"auto","background-attachment":"scroll","background-type":"","background-media":"","overlay-type":"","overlay-color":"","overlay-opacity":"","overlay-gradient":""},"mobile":{"background-color":"var(--ast-global-color-5)","background-image":"","background-repeat":"repeat","background-position":"center center","background-size":"auto","background-attachment":"scroll","background-type":"","background-media":"","overlay-type":"","overlay-color":"","overlay-opacity":"","overlay-gradient":""}}},"product_brand":[],"product_cat":[69],"product_tag":[70],"class_list":{"0":"post-2960","1":"product","2":"type-product","3":"status-publish","4":"has-post-thumbnail","6":"product_cat-parurerie-florale","7":"product_tag-parures-florales","8":"product_shipping_class-articles-fragiles","9":"desktop-align-left","10":"tablet-align-left","11":"mobile-align-left","13":"first","14":"instock","15":"purchasable","16":"product-type-simple"},"aioseo_notices":[],"uagb_featured_image_src":{"full":["https:\/\/lavantarium-creation.com\/wp-content\/uploads\/2026\/03\/IMG_6463-2-scaled.jpg",1920,2560,false],"thumbnail":["https:\/\/lavantarium-creation.com\/wp-content\/uploads\/2026\/03\/IMG_6463-2-150x150.jpg",150,150,true],"medium":["https:\/\/lavantarium-creation.com\/wp-content\/uploads\/2026\/03\/IMG_6463-2-225x300.jpg",225,300,true],"medium_large":["https:\/\/lavantarium-creation.com\/wp-content\/uploads\/2026\/03\/IMG_6463-2-768x1024.jpg",768,1024,true],"large":["https:\/\/lavantarium-creation.com\/wp-content\/uploads\/2026\/03\/IMG_6463-2-768x1024.jpg",768,1024,true],"1536x1536":["https:\/\/lavantarium-creation.com\/wp-content\/uploads\/2026\/03\/IMG_6463-2-1152x1536.jpg",1152,1536,true],"2048x2048":["https:\/\/lavantarium-creation.com\/wp-content\/uploads\/2026\/03\/IMG_6463-2-1536x2048.jpg",1536,2048,true],"woocommerce_thumbnail":["https:\/\/lavantarium-creation.com\/wp-content\/uploads\/2026\/03\/IMG_6463-2-300x300.jpg",300,300,true],"woocommerce_single":["https:\/\/lavantarium-creation.com\/wp-content\/uploads\/2026\/03\/IMG_6463-2-600x800.jpg",600,800,true],"woocommerce_gallery_thumbnail":["https:\/\/lavantarium-creation.com\/wp-content\/uploads\/2026\/03\/IMG_6463-2-100x100.jpg",100,100,true]},"uagb_author_info":{"display_name":"lavantarium@gmail.com","author_link":"https:\/\/lavantarium-creation.com\/?author=0"},"uagb_comment_info":0,"uagb_excerpt":"Voile, velours et fil\u00a0 de soie.","_links":{"self":[{"href":"https:\/\/lavantarium-creation.com\/index.php?rest_route=\/wp\/v2\/product\/2960","targetHints":{"allow":["GET"]}}],"collection":[{"href":"https:\/\/lavantarium-creation.com\/index.php?rest_route=\/wp\/v2\/product"}],"about":[{"href":"https:\/\/lavantarium-creation.com\/index.php?rest_route=\/wp\/v2\/types\/product"}],"replies":[{"embeddable":true,"href":"https:\/\/lavantarium-creation.com\/index.php?rest_route=%2Fwp%2Fv2%2Fcomments&post=2960"}],"wp:featuredmedia":[{"embeddable":true,"href":"https:\/\/lavantarium-creation.com\/index.php?rest_route=\/wp\/v2\/media\/2963"}],"wp:attachment":[{"href":"https:\/\/lavantarium-creation.com\/index.php?rest_route=%2Fwp%2Fv2%2Fmedia&parent=2960"}],"wp:term":[{"taxonomy":"product_brand","embeddable":true,"href":"https:\/\/lavantarium-creation.com\/index.php?rest_route=%2Fwp%2Fv2%2Fproduct_brand&post=2960"},{"taxonomy":"product_cat","embeddable":true,"href":"https:\/\/lavantarium-creation.com\/index.php?rest_route=%2Fwp%2Fv2%2Fproduct_cat&post=2960"},{"taxonomy":"product_tag","embeddable":true,"href":"https:\/\/lavantarium-creation.com\/index.php?rest_route=%2Fwp%2Fv2%2Fproduct_tag&post=2960"}],"curies":[{"name":"wp","href":"https:\/\/api.w.org\/{rel}","templated":true}]}}