{"id":2908,"date":"2026-03-11T10:51:13","date_gmt":"2026-03-11T10:51:13","guid":{"rendered":"https:\/\/lavantarium-creation.com\/?post_type=product&#038;p=2908"},"modified":"2026-03-11T10:53:01","modified_gmt":"2026-03-11T10:53:01","slug":"broches-2","status":"publish","type":"product","link":"https:\/\/lavantarium-creation.com\/?product=broches-2","title":{"rendered":"Broche \u00ab\u00a0Rosa\u00a0\u00bb"},"content":{"rendered":"<p>Oiseau sculpt\u00e9 en porcelaine froide, en \u00e9quilibre dans un cerceau en acier inoxydable auquel s&rsquo;accroche une perle de verre.<\/p>\n<p>Une petite perle d&rsquo;eau douce fait office de coeur au milieu d&rsquo;une fleur en acier inoxydable peinte et r\u00e9sin\u00e9e.<\/p>\n<p>Pi\u00e8ce unique<\/p>\n","protected":false},"excerpt":{"rendered":"<p>Porcelaine froide sculpt\u00e9e et r\u00e9sin\u00e9e.<\/p>\n","protected":false},"featured_media":2899,"comment_status":"open","ping_status":"closed","template":"","meta":{"_surecart_dashboard_logo_width":"180px","_surecart_dashboard_show_logo":true,"_surecart_dashboard_navigation_orders":true,"_surecart_dashboard_navigation_invoices":true,"_surecart_dashboard_navigation_subscriptions":true,"_surecart_dashboard_navigation_downloads":true,"_surecart_dashboard_navigation_billing":true,"_surecart_dashboard_navigation_account":true,"_uag_custom_page_level_css":"","_monsterinsights_skip_tracking":false,"_monsterinsights_sitenote_active":false,"_monsterinsights_sitenote_note":"","_monsterinsights_sitenote_category":0,"site-sidebar-layout":"default","site-content-layout":"","ast-site-content-layout":"default","site-content-style":"default","site-sidebar-style":"default","ast-global-header-display":"","ast-banner-title-visibility":"","ast-main-header-display":"","ast-hfb-above-header-display":"","ast-hfb-below-header-display":"","ast-hfb-mobile-header-display":"","site-post-title":"","ast-breadcrumbs-content":"","ast-featured-img":"","footer-sml-layout":"","theme-transparent-header-meta":"default","adv-header-id-meta":"","stick-header-meta":"","header-above-stick-meta":"","header-main-stick-meta":"","header-below-stick-meta":"","astra-migrate-meta-layouts":"set","ast-page-background-enabled":"default","ast-page-background-meta":{"desktop":{"background-color":"var(--ast-global-color-4)","background-image":"","background-repeat":"repeat","background-position":"center center","background-size":"auto","background-attachment":"scroll","background-type":"","background-media":"","overlay-type":"","overlay-color":"","overlay-opacity":"","overlay-gradient":""},"tablet":{"background-color":"","background-image":"","background-repeat":"repeat","background-position":"center center","background-size":"auto","background-attachment":"scroll","background-type":"","background-media":"","overlay-type":"","overlay-color":"","overlay-opacity":"","overlay-gradient":""},"mobile":{"background-color":"","background-image":"","background-repeat":"repeat","background-position":"center center","background-size":"auto","background-attachment":"scroll","background-type":"","background-media":"","overlay-type":"","overlay-color":"","overlay-opacity":"","overlay-gradient":""}},"ast-content-background-meta":{"desktop":{"background-color":"var(--ast-global-color-5)","background-image":"","background-repeat":"repeat","background-position":"center center","background-size":"auto","background-attachment":"scroll","background-type":"","background-media":"","overlay-type":"","overlay-color":"","overlay-opacity":"","overlay-gradient":""},"tablet":{"background-color":"var(--ast-global-color-5)","background-image":"","background-repeat":"repeat","background-position":"center center","background-size":"auto","background-attachment":"scroll","background-type":"","background-media":"","overlay-type":"","overlay-color":"","overlay-opacity":"","overlay-gradient":""},"mobile":{"background-color":"var(--ast-global-color-5)","background-image":"","background-repeat":"repeat","background-position":"center center","background-size":"auto","background-attachment":"scroll","background-type":"","background-media":"","overlay-type":"","overlay-color":"","overlay-opacity":"","overlay-gradient":""}}},"product_brand":[],"product_cat":[52],"product_tag":[53],"class_list":{"0":"post-2908","1":"product","2":"type-product","3":"status-publish","4":"has-post-thumbnail","6":"product_cat-broches","7":"product_tag-broches","8":"product_shipping_class-article-leger","9":"desktop-align-left","10":"tablet-align-left","11":"mobile-align-left","13":"first","14":"instock","15":"taxable","16":"shipping-taxable","17":"purchasable","18":"product-type-simple"},"aioseo_notices":[],"uagb_featured_image_src":{"full":["https:\/\/lavantarium-creation.com\/wp-content\/uploads\/2025\/11\/IMG_6072-scaled.jpg",2560,2560,false],"thumbnail":["https:\/\/lavantarium-creation.com\/wp-content\/uploads\/2025\/11\/IMG_6072-150x150.jpg",150,150,true],"medium":["https:\/\/lavantarium-creation.com\/wp-content\/uploads\/2025\/11\/IMG_6072-300x300.jpg",300,300,true],"medium_large":["https:\/\/lavantarium-creation.com\/wp-content\/uploads\/2025\/11\/IMG_6072-768x768.jpg",768,768,true],"large":["https:\/\/lavantarium-creation.com\/wp-content\/uploads\/2025\/11\/IMG_6072-1024x1024.jpg",1024,1024,true],"1536x1536":["https:\/\/lavantarium-creation.com\/wp-content\/uploads\/2025\/11\/IMG_6072-1536x1536.jpg",1536,1536,true],"2048x2048":["https:\/\/lavantarium-creation.com\/wp-content\/uploads\/2025\/11\/IMG_6072-2048x2048.jpg",2048,2048,true],"woocommerce_thumbnail":["https:\/\/lavantarium-creation.com\/wp-content\/uploads\/2025\/11\/IMG_6072-300x300.jpg",300,300,true],"woocommerce_single":["https:\/\/lavantarium-creation.com\/wp-content\/uploads\/2025\/11\/IMG_6072-600x600.jpg",600,600,true],"woocommerce_gallery_thumbnail":["https:\/\/lavantarium-creation.com\/wp-content\/uploads\/2025\/11\/IMG_6072-100x100.jpg",100,100,true]},"uagb_author_info":{"display_name":"lavantarium@gmail.com","author_link":"https:\/\/lavantarium-creation.com\/?author=0"},"uagb_comment_info":0,"uagb_excerpt":"Porcelaine froide sculpt\u00e9e et r\u00e9sin\u00e9e.","_links":{"self":[{"href":"https:\/\/lavantarium-creation.com\/index.php?rest_route=\/wp\/v2\/product\/2908","targetHints":{"allow":["GET"]}}],"collection":[{"href":"https:\/\/lavantarium-creation.com\/index.php?rest_route=\/wp\/v2\/product"}],"about":[{"href":"https:\/\/lavantarium-creation.com\/index.php?rest_route=\/wp\/v2\/types\/product"}],"replies":[{"embeddable":true,"href":"https:\/\/lavantarium-creation.com\/index.php?rest_route=%2Fwp%2Fv2%2Fcomments&post=2908"}],"wp:featuredmedia":[{"embeddable":true,"href":"https:\/\/lavantarium-creation.com\/index.php?rest_route=\/wp\/v2\/media\/2899"}],"wp:attachment":[{"href":"https:\/\/lavantarium-creation.com\/index.php?rest_route=%2Fwp%2Fv2%2Fmedia&parent=2908"}],"wp:term":[{"taxonomy":"product_brand","embeddable":true,"href":"https:\/\/lavantarium-creation.com\/index.php?rest_route=%2Fwp%2Fv2%2Fproduct_brand&post=2908"},{"taxonomy":"product_cat","embeddable":true,"href":"https:\/\/lavantarium-creation.com\/index.php?rest_route=%2Fwp%2Fv2%2Fproduct_cat&post=2908"},{"taxonomy":"product_tag","embeddable":true,"href":"https:\/\/lavantarium-creation.com\/index.php?rest_route=%2Fwp%2Fv2%2Fproduct_tag&post=2908"}],"curies":[{"name":"wp","href":"https:\/\/api.w.org\/{rel}","templated":true}]}}