{"id":2819,"date":"2025-12-12T10:15:30","date_gmt":"2025-12-12T10:15:30","guid":{"rendered":"https:\/\/lavantarium-creation.com\/?post_type=product&#038;p=2819"},"modified":"2026-01-26T12:35:23","modified_gmt":"2026-01-26T12:35:23","slug":"mariage-boucles-oreilles-2","status":"publish","type":"product","link":"https:\/\/lavantarium-creation.com\/?product=mariage-boucles-oreilles-2","title":{"rendered":"Boucles d&rsquo;oreilles \u00ab\u00a0Lise\u00a0\u00bb"},"content":{"rendered":"<p>El\u00e9gantes et raffin\u00e9es, faciles \u00e0 porter, ces boucles d&rsquo;oreilles asym\u00e9triques apporteront la touche d&rsquo;originalit\u00e9 \u00e0 votre tenue du grand jour.<\/p>\n<p>&nbsp;<\/p>\n","protected":false},"excerpt":{"rendered":"<p>Cristal de Boh\u00e8me.<\/p>\n<p>Acier inoxydable.<\/p>\n","protected":false},"featured_media":2835,"comment_status":"open","ping_status":"closed","template":"","meta":{"_surecart_dashboard_logo_width":"180px","_surecart_dashboard_show_logo":true,"_surecart_dashboard_navigation_orders":true,"_surecart_dashboard_navigation_invoices":true,"_surecart_dashboard_navigation_subscriptions":true,"_surecart_dashboard_navigation_downloads":true,"_surecart_dashboard_navigation_billing":true,"_surecart_dashboard_navigation_account":true,"_uag_custom_page_level_css":"","_monsterinsights_skip_tracking":false,"_monsterinsights_sitenote_active":false,"_monsterinsights_sitenote_note":"","_monsterinsights_sitenote_category":0,"site-sidebar-layout":"default","site-content-layout":"","ast-site-content-layout":"default","site-content-style":"default","site-sidebar-style":"default","ast-global-header-display":"","ast-banner-title-visibility":"","ast-main-header-display":"","ast-hfb-above-header-display":"","ast-hfb-below-header-display":"","ast-hfb-mobile-header-display":"","site-post-title":"","ast-breadcrumbs-content":"","ast-featured-img":"","footer-sml-layout":"","theme-transparent-header-meta":"default","adv-header-id-meta":"","stick-header-meta":"","header-above-stick-meta":"","header-main-stick-meta":"","header-below-stick-meta":"","astra-migrate-meta-layouts":"set","ast-page-background-enabled":"default","ast-page-background-meta":{"desktop":{"background-color":"var(--ast-global-color-4)","background-image":"","background-repeat":"repeat","background-position":"center center","background-size":"auto","background-attachment":"scroll","background-type":"","background-media":"","overlay-type":"","overlay-color":"","overlay-opacity":"","overlay-gradient":""},"tablet":{"background-color":"","background-image":"","background-repeat":"repeat","background-position":"center center","background-size":"auto","background-attachment":"scroll","background-type":"","background-media":"","overlay-type":"","overlay-color":"","overlay-opacity":"","overlay-gradient":""},"mobile":{"background-color":"","background-image":"","background-repeat":"repeat","background-position":"center center","background-size":"auto","background-attachment":"scroll","background-type":"","background-media":"","overlay-type":"","overlay-color":"","overlay-opacity":"","overlay-gradient":""}},"ast-content-background-meta":{"desktop":{"background-color":"var(--ast-global-color-5)","background-image":"","background-repeat":"repeat","background-position":"center center","background-size":"auto","background-attachment":"scroll","background-type":"","background-media":"","overlay-type":"","overlay-color":"","overlay-opacity":"","overlay-gradient":""},"tablet":{"background-color":"var(--ast-global-color-5)","background-image":"","background-repeat":"repeat","background-position":"center center","background-size":"auto","background-attachment":"scroll","background-type":"","background-media":"","overlay-type":"","overlay-color":"","overlay-opacity":"","overlay-gradient":""},"mobile":{"background-color":"var(--ast-global-color-5)","background-image":"","background-repeat":"repeat","background-position":"center center","background-size":"auto","background-attachment":"scroll","background-type":"","background-media":"","overlay-type":"","overlay-color":"","overlay-opacity":"","overlay-gradient":""}}},"product_brand":[],"product_cat":[56],"product_tag":[],"class_list":{"0":"post-2819","1":"product","2":"type-product","3":"status-publish","4":"has-post-thumbnail","6":"product_cat-mariages","7":"product_shipping_class-article-leger","8":"desktop-align-left","9":"tablet-align-left","10":"mobile-align-left","12":"first","13":"instock","14":"purchasable","15":"product-type-simple"},"aioseo_notices":[],"uagb_featured_image_src":{"full":["https:\/\/lavantarium-creation.com\/wp-content\/uploads\/2026\/01\/IMG_6053-scaled.jpg",2560,2560,false],"thumbnail":["https:\/\/lavantarium-creation.com\/wp-content\/uploads\/2026\/01\/IMG_6053-150x150.jpg",150,150,true],"medium":["https:\/\/lavantarium-creation.com\/wp-content\/uploads\/2026\/01\/IMG_6053-300x300.jpg",300,300,true],"medium_large":["https:\/\/lavantarium-creation.com\/wp-content\/uploads\/2026\/01\/IMG_6053-768x768.jpg",768,768,true],"large":["https:\/\/lavantarium-creation.com\/wp-content\/uploads\/2026\/01\/IMG_6053-1024x1024.jpg",1024,1024,true],"1536x1536":["https:\/\/lavantarium-creation.com\/wp-content\/uploads\/2026\/01\/IMG_6053-1536x1536.jpg",1536,1536,true],"2048x2048":["https:\/\/lavantarium-creation.com\/wp-content\/uploads\/2026\/01\/IMG_6053-2048x2048.jpg",2048,2048,true],"woocommerce_thumbnail":["https:\/\/lavantarium-creation.com\/wp-content\/uploads\/2026\/01\/IMG_6053-300x300.jpg",300,300,true],"woocommerce_single":["https:\/\/lavantarium-creation.com\/wp-content\/uploads\/2026\/01\/IMG_6053-600x600.jpg",600,600,true],"woocommerce_gallery_thumbnail":["https:\/\/lavantarium-creation.com\/wp-content\/uploads\/2026\/01\/IMG_6053-100x100.jpg",100,100,true]},"uagb_author_info":{"display_name":"lavantarium@gmail.com","author_link":"https:\/\/lavantarium-creation.com\/?author=0"},"uagb_comment_info":0,"uagb_excerpt":"Cristal de Boh\u00e8me. Acier inoxydable.","_links":{"self":[{"href":"https:\/\/lavantarium-creation.com\/index.php?rest_route=\/wp\/v2\/product\/2819","targetHints":{"allow":["GET"]}}],"collection":[{"href":"https:\/\/lavantarium-creation.com\/index.php?rest_route=\/wp\/v2\/product"}],"about":[{"href":"https:\/\/lavantarium-creation.com\/index.php?rest_route=\/wp\/v2\/types\/product"}],"replies":[{"embeddable":true,"href":"https:\/\/lavantarium-creation.com\/index.php?rest_route=%2Fwp%2Fv2%2Fcomments&post=2819"}],"wp:featuredmedia":[{"embeddable":true,"href":"https:\/\/lavantarium-creation.com\/index.php?rest_route=\/wp\/v2\/media\/2835"}],"wp:attachment":[{"href":"https:\/\/lavantarium-creation.com\/index.php?rest_route=%2Fwp%2Fv2%2Fmedia&parent=2819"}],"wp:term":[{"taxonomy":"product_brand","embeddable":true,"href":"https:\/\/lavantarium-creation.com\/index.php?rest_route=%2Fwp%2Fv2%2Fproduct_brand&post=2819"},{"taxonomy":"product_cat","embeddable":true,"href":"https:\/\/lavantarium-creation.com\/index.php?rest_route=%2Fwp%2Fv2%2Fproduct_cat&post=2819"},{"taxonomy":"product_tag","embeddable":true,"href":"https:\/\/lavantarium-creation.com\/index.php?rest_route=%2Fwp%2Fv2%2Fproduct_tag&post=2819"}],"curies":[{"name":"wp","href":"https:\/\/api.w.org\/{rel}","templated":true}]}}