{"id":2771,"date":"2025-11-18T15:26:55","date_gmt":"2025-11-18T15:26:55","guid":{"rendered":"https:\/\/lavantarium-creation.com\/?post_type=product&#038;p=2771"},"modified":"2025-12-10T11:46:16","modified_gmt":"2025-12-10T11:46:16","slug":"broche-mathilde","status":"publish","type":"product","link":"https:\/\/lavantarium-creation.com\/?product=broche-mathilde","title":{"rendered":"Broche \u00ab\u00a0Diane\u00a0\u00bb"},"content":{"rendered":"<p>Dans le style Art Nouveau, cette broche sculpt\u00e9e en porcelaine froide avec ses estampes, fleurs et feuilles de ginkgo vous ravira par ses d\u00e9tails d\u00e9licats.<\/p>\n<p>Cette cr\u00e9ation a n\u00e9cessit\u00e9 environ 4 heures de travail.<\/p>\n","protected":false},"excerpt":{"rendered":"<p>Porcelaine froide sculpt\u00e9e et r\u00e9sin\u00e9e.<\/p>\n","protected":false},"featured_media":2782,"comment_status":"open","ping_status":"closed","template":"","meta":{"_surecart_dashboard_logo_width":"180px","_surecart_dashboard_show_logo":true,"_surecart_dashboard_navigation_orders":true,"_surecart_dashboard_navigation_invoices":true,"_surecart_dashboard_navigation_subscriptions":true,"_surecart_dashboard_navigation_downloads":true,"_surecart_dashboard_navigation_billing":true,"_surecart_dashboard_navigation_account":true,"_uag_custom_page_level_css":"","_monsterinsights_skip_tracking":false,"_monsterinsights_sitenote_active":false,"_monsterinsights_sitenote_note":"","_monsterinsights_sitenote_category":0,"site-sidebar-layout":"default","site-content-layout":"","ast-site-content-layout":"default","site-content-style":"default","site-sidebar-style":"default","ast-global-header-display":"","ast-banner-title-visibility":"","ast-main-header-display":"","ast-hfb-above-header-display":"","ast-hfb-below-header-display":"","ast-hfb-mobile-header-display":"","site-post-title":"","ast-breadcrumbs-content":"","ast-featured-img":"","footer-sml-layout":"","theme-transparent-header-meta":"default","adv-header-id-meta":"","stick-header-meta":"","header-above-stick-meta":"","header-main-stick-meta":"","header-below-stick-meta":"","astra-migrate-meta-layouts":"set","ast-page-background-enabled":"default","ast-page-background-meta":{"desktop":{"background-color":"var(--ast-global-color-4)","background-image":"","background-repeat":"repeat","background-position":"center center","background-size":"auto","background-attachment":"scroll","background-type":"","background-media":"","overlay-type":"","overlay-color":"","overlay-opacity":"","overlay-gradient":""},"tablet":{"background-color":"","background-image":"","background-repeat":"repeat","background-position":"center center","background-size":"auto","background-attachment":"scroll","background-type":"","background-media":"","overlay-type":"","overlay-color":"","overlay-opacity":"","overlay-gradient":""},"mobile":{"background-color":"","background-image":"","background-repeat":"repeat","background-position":"center center","background-size":"auto","background-attachment":"scroll","background-type":"","background-media":"","overlay-type":"","overlay-color":"","overlay-opacity":"","overlay-gradient":""}},"ast-content-background-meta":{"desktop":{"background-color":"var(--ast-global-color-5)","background-image":"","background-repeat":"repeat","background-position":"center center","background-size":"auto","background-attachment":"scroll","background-type":"","background-media":"","overlay-type":"","overlay-color":"","overlay-opacity":"","overlay-gradient":""},"tablet":{"background-color":"var(--ast-global-color-5)","background-image":"","background-repeat":"repeat","background-position":"center center","background-size":"auto","background-attachment":"scroll","background-type":"","background-media":"","overlay-type":"","overlay-color":"","overlay-opacity":"","overlay-gradient":""},"mobile":{"background-color":"var(--ast-global-color-5)","background-image":"","background-repeat":"repeat","background-position":"center center","background-size":"auto","background-attachment":"scroll","background-type":"","background-media":"","overlay-type":"","overlay-color":"","overlay-opacity":"","overlay-gradient":""}}},"product_brand":[],"product_cat":[52],"product_tag":[],"class_list":{"0":"post-2771","1":"product","2":"type-product","3":"status-publish","4":"has-post-thumbnail","6":"product_cat-broches","7":"desktop-align-left","8":"tablet-align-left","9":"mobile-align-left","11":"first","12":"instock","13":"taxable","14":"shipping-taxable","15":"purchasable","16":"product-type-simple"},"aioseo_notices":[],"uagb_featured_image_src":{"full":["https:\/\/lavantarium-creation.com\/wp-content\/uploads\/2025\/11\/IMG_5496-scaled.jpg",2216,2560,false],"thumbnail":["https:\/\/lavantarium-creation.com\/wp-content\/uploads\/2025\/11\/IMG_5496-150x150.jpg",150,150,true],"medium":["https:\/\/lavantarium-creation.com\/wp-content\/uploads\/2025\/11\/IMG_5496-260x300.jpg",260,300,true],"medium_large":["https:\/\/lavantarium-creation.com\/wp-content\/uploads\/2025\/11\/IMG_5496-768x887.jpg",768,887,true],"large":["https:\/\/lavantarium-creation.com\/wp-content\/uploads\/2025\/11\/IMG_5496-886x1024.jpg",886,1024,true],"1536x1536":["https:\/\/lavantarium-creation.com\/wp-content\/uploads\/2025\/11\/IMG_5496-1330x1536.jpg",1330,1536,true],"2048x2048":["https:\/\/lavantarium-creation.com\/wp-content\/uploads\/2025\/11\/IMG_5496-1773x2048.jpg",1773,2048,true],"woocommerce_thumbnail":["https:\/\/lavantarium-creation.com\/wp-content\/uploads\/2025\/11\/IMG_5496-300x300.jpg",300,300,true],"woocommerce_single":["https:\/\/lavantarium-creation.com\/wp-content\/uploads\/2025\/11\/IMG_5496-600x693.jpg",600,693,true],"woocommerce_gallery_thumbnail":["https:\/\/lavantarium-creation.com\/wp-content\/uploads\/2025\/11\/IMG_5496-100x100.jpg",100,100,true]},"uagb_author_info":{"display_name":"lavantarium@gmail.com","author_link":"https:\/\/lavantarium-creation.com\/?author=0"},"uagb_comment_info":0,"uagb_excerpt":"Porcelaine froide sculpt\u00e9e et r\u00e9sin\u00e9e.","_links":{"self":[{"href":"https:\/\/lavantarium-creation.com\/index.php?rest_route=\/wp\/v2\/product\/2771","targetHints":{"allow":["GET"]}}],"collection":[{"href":"https:\/\/lavantarium-creation.com\/index.php?rest_route=\/wp\/v2\/product"}],"about":[{"href":"https:\/\/lavantarium-creation.com\/index.php?rest_route=\/wp\/v2\/types\/product"}],"replies":[{"embeddable":true,"href":"https:\/\/lavantarium-creation.com\/index.php?rest_route=%2Fwp%2Fv2%2Fcomments&post=2771"}],"wp:featuredmedia":[{"embeddable":true,"href":"https:\/\/lavantarium-creation.com\/index.php?rest_route=\/wp\/v2\/media\/2782"}],"wp:attachment":[{"href":"https:\/\/lavantarium-creation.com\/index.php?rest_route=%2Fwp%2Fv2%2Fmedia&parent=2771"}],"wp:term":[{"taxonomy":"product_brand","embeddable":true,"href":"https:\/\/lavantarium-creation.com\/index.php?rest_route=%2Fwp%2Fv2%2Fproduct_brand&post=2771"},{"taxonomy":"product_cat","embeddable":true,"href":"https:\/\/lavantarium-creation.com\/index.php?rest_route=%2Fwp%2Fv2%2Fproduct_cat&post=2771"},{"taxonomy":"product_tag","embeddable":true,"href":"https:\/\/lavantarium-creation.com\/index.php?rest_route=%2Fwp%2Fv2%2Fproduct_tag&post=2771"}],"curies":[{"name":"wp","href":"https:\/\/api.w.org\/{rel}","templated":true}]}}