{"id":2526,"date":"2025-10-14T15:36:44","date_gmt":"2025-10-14T15:36:44","guid":{"rendered":"https:\/\/lavantarium-creation.com\/?post_type=product&#038;p=2526"},"modified":"2026-03-18T08:01:21","modified_gmt":"2026-03-18T08:01:21","slug":"bijou-laiton-torque-3","status":"publish","type":"product","link":"https:\/\/lavantarium-creation.com\/?product=bijou-laiton-torque-3","title":{"rendered":"Torque am\u00e9trine"},"content":{"rendered":"<p>Torque en laiton martel\u00e9 \u00e0 la main et sa douce am\u00e9trine.<\/p>\n<p>Cette pierre est un m\u00e9lange d\u2019am\u00e9thyste et de quartz citrine. On raconte qu\u2019un conquistador l\u2019a rapport\u00e9e de Bolivie et offert \u00e0 la reine d\u2019Espagne au XVIIe si\u00e8cle.<\/p>\n","protected":false},"excerpt":{"rendered":"<p>Laiton martel\u00e9<\/p>\n<p>Taille de la pierre 4 cm de long 1 cm de large.<\/p>\n","protected":false},"featured_media":2509,"comment_status":"open","ping_status":"closed","template":"","meta":{"_surecart_dashboard_logo_width":"180px","_surecart_dashboard_show_logo":true,"_surecart_dashboard_navigation_orders":true,"_surecart_dashboard_navigation_invoices":true,"_surecart_dashboard_navigation_subscriptions":true,"_surecart_dashboard_navigation_downloads":true,"_surecart_dashboard_navigation_billing":true,"_surecart_dashboard_navigation_account":true,"_uag_custom_page_level_css":"","_monsterinsights_skip_tracking":false,"_monsterinsights_sitenote_active":false,"_monsterinsights_sitenote_note":"","_monsterinsights_sitenote_category":0,"site-sidebar-layout":"default","site-content-layout":"","ast-site-content-layout":"default","site-content-style":"default","site-sidebar-style":"default","ast-global-header-display":"","ast-banner-title-visibility":"","ast-main-header-display":"","ast-hfb-above-header-display":"","ast-hfb-below-header-display":"","ast-hfb-mobile-header-display":"","site-post-title":"","ast-breadcrumbs-content":"","ast-featured-img":"","footer-sml-layout":"","theme-transparent-header-meta":"default","adv-header-id-meta":"","stick-header-meta":"","header-above-stick-meta":"","header-main-stick-meta":"","header-below-stick-meta":"","astra-migrate-meta-layouts":"set","ast-page-background-enabled":"default","ast-page-background-meta":{"desktop":{"background-color":"var(--ast-global-color-4)","background-image":"","background-repeat":"repeat","background-position":"center center","background-size":"auto","background-attachment":"scroll","background-type":"","background-media":"","overlay-type":"","overlay-color":"","overlay-opacity":"","overlay-gradient":""},"tablet":{"background-color":"","background-image":"","background-repeat":"repeat","background-position":"center center","background-size":"auto","background-attachment":"scroll","background-type":"","background-media":"","overlay-type":"","overlay-color":"","overlay-opacity":"","overlay-gradient":""},"mobile":{"background-color":"","background-image":"","background-repeat":"repeat","background-position":"center center","background-size":"auto","background-attachment":"scroll","background-type":"","background-media":"","overlay-type":"","overlay-color":"","overlay-opacity":"","overlay-gradient":""}},"ast-content-background-meta":{"desktop":{"background-color":"var(--ast-global-color-5)","background-image":"","background-repeat":"repeat","background-position":"center center","background-size":"auto","background-attachment":"scroll","background-type":"","background-media":"","overlay-type":"","overlay-color":"","overlay-opacity":"","overlay-gradient":""},"tablet":{"background-color":"var(--ast-global-color-5)","background-image":"","background-repeat":"repeat","background-position":"center center","background-size":"auto","background-attachment":"scroll","background-type":"","background-media":"","overlay-type":"","overlay-color":"","overlay-opacity":"","overlay-gradient":""},"mobile":{"background-color":"var(--ast-global-color-5)","background-image":"","background-repeat":"repeat","background-position":"center center","background-size":"auto","background-attachment":"scroll","background-type":"","background-media":"","overlay-type":"","overlay-color":"","overlay-opacity":"","overlay-gradient":""}}},"product_brand":[],"product_cat":[46],"product_tag":[67,45],"class_list":{"0":"post-2526","1":"product","2":"type-product","3":"status-publish","4":"has-post-thumbnail","6":"product_cat-bijoux-laiton","7":"product_tag-bijou-laiton","8":"product_tag-collier","9":"product_shipping_class-articles-fragiles","10":"desktop-align-left","11":"tablet-align-left","12":"mobile-align-left","14":"first","15":"instock","16":"purchasable","17":"product-type-simple"},"aioseo_notices":[],"uagb_featured_image_src":{"full":["https:\/\/lavantarium-creation.com\/wp-content\/uploads\/2025\/10\/G7.jpg",2047,2048,false],"thumbnail":["https:\/\/lavantarium-creation.com\/wp-content\/uploads\/2025\/10\/G7-150x150.jpg",150,150,true],"medium":["https:\/\/lavantarium-creation.com\/wp-content\/uploads\/2025\/10\/G7-300x300.jpg",300,300,true],"medium_large":["https:\/\/lavantarium-creation.com\/wp-content\/uploads\/2025\/10\/G7-768x768.jpg",768,768,true],"large":["https:\/\/lavantarium-creation.com\/wp-content\/uploads\/2025\/10\/G7-1024x1024.jpg",1024,1024,true],"1536x1536":["https:\/\/lavantarium-creation.com\/wp-content\/uploads\/2025\/10\/G7-1536x1536.jpg",1536,1536,true],"2048x2048":["https:\/\/lavantarium-creation.com\/wp-content\/uploads\/2025\/10\/G7.jpg",2047,2048,false],"woocommerce_thumbnail":["https:\/\/lavantarium-creation.com\/wp-content\/uploads\/2025\/10\/G7-300x300.jpg",300,300,true],"woocommerce_single":["https:\/\/lavantarium-creation.com\/wp-content\/uploads\/2025\/10\/G7-600x600.jpg",600,600,true],"woocommerce_gallery_thumbnail":["https:\/\/lavantarium-creation.com\/wp-content\/uploads\/2025\/10\/G7-100x100.jpg",100,100,true]},"uagb_author_info":{"display_name":"lavantarium@gmail.com","author_link":"https:\/\/lavantarium-creation.com\/?author=0"},"uagb_comment_info":0,"uagb_excerpt":"Laiton martel\u00e9 Taille de la pierre 4 cm de long 1 cm de large.","_links":{"self":[{"href":"https:\/\/lavantarium-creation.com\/index.php?rest_route=\/wp\/v2\/product\/2526","targetHints":{"allow":["GET"]}}],"collection":[{"href":"https:\/\/lavantarium-creation.com\/index.php?rest_route=\/wp\/v2\/product"}],"about":[{"href":"https:\/\/lavantarium-creation.com\/index.php?rest_route=\/wp\/v2\/types\/product"}],"replies":[{"embeddable":true,"href":"https:\/\/lavantarium-creation.com\/index.php?rest_route=%2Fwp%2Fv2%2Fcomments&post=2526"}],"wp:featuredmedia":[{"embeddable":true,"href":"https:\/\/lavantarium-creation.com\/index.php?rest_route=\/wp\/v2\/media\/2509"}],"wp:attachment":[{"href":"https:\/\/lavantarium-creation.com\/index.php?rest_route=%2Fwp%2Fv2%2Fmedia&parent=2526"}],"wp:term":[{"taxonomy":"product_brand","embeddable":true,"href":"https:\/\/lavantarium-creation.com\/index.php?rest_route=%2Fwp%2Fv2%2Fproduct_brand&post=2526"},{"taxonomy":"product_cat","embeddable":true,"href":"https:\/\/lavantarium-creation.com\/index.php?rest_route=%2Fwp%2Fv2%2Fproduct_cat&post=2526"},{"taxonomy":"product_tag","embeddable":true,"href":"https:\/\/lavantarium-creation.com\/index.php?rest_route=%2Fwp%2Fv2%2Fproduct_tag&post=2526"}],"curies":[{"name":"wp","href":"https:\/\/api.w.org\/{rel}","templated":true}]}}